{"id":370,"date":"2020-04-29T09:41:32","date_gmt":"2020-04-29T07:41:32","guid":{"rendered":"http:\/\/www.horsdesclous.fr\/?page_id=370"},"modified":"2023-11-15T11:04:00","modified_gmt":"2023-11-15T10:04:00","slug":"stephane-bonnefond","status":"publish","type":"page","link":"https:\/\/www.horsdesclous.fr\/index.php\/stephane-bonnefond\/","title":{"rendered":"St\u00e9phane Bonnefond"},"content":{"rendered":"\t\t<div data-elementor-type=\"wp-page\" data-elementor-id=\"370\" class=\"elementor elementor-370\">\n\t\t\t\t\t\t<div class=\"elementor-inner\">\n\t\t\t\t<div class=\"elementor-section-wrap\">\n\t\t\t\t\t\t\t\t\t<section class=\"elementor-section elementor-top-section elementor-element elementor-element-2fb79ede elementor-section-boxed elementor-section-height-default elementor-section-height-default\" data-id=\"2fb79ede\" data-element_type=\"section\">\n\t\t\t\t\t\t<div class=\"elementor-container elementor-column-gap-default\">\n\t\t\t\t\t\t\t<div class=\"elementor-row\">\n\t\t\t\t\t<div class=\"elementor-column elementor-col-100 elementor-top-column elementor-element elementor-element-334b53a7\" data-id=\"334b53a7\" data-element_type=\"column\">\n\t\t\t<div class=\"elementor-column-wrap elementor-element-populated\">\n\t\t\t\t\t\t\t<div class=\"elementor-widget-wrap\">\n\t\t\t\t\t\t<div class=\"elementor-element elementor-element-463d3c9d elementor-widget elementor-widget-text-editor\" data-id=\"463d3c9d\" data-element_type=\"widget\" data-widget_type=\"text-editor.default\">\n\t\t\t\t<div class=\"elementor-widget-container\">\n\t\t\t\t\t\t\t\t<div class=\"elementor-text-editor elementor-clearfix\">\n\t\t\t\t<p><!-- wp:columns --><\/p>\n<div class=\"wp-block-columns\">\n<p><!-- wp:column {\"width\":66.66} --><\/p>\n<div class=\"wp-block-column\" style=\"flex-basis: 66.66%;\">\n<p><!-- wp:heading {\"level\":4} --><\/p>\n<h4><br \/><br \/>St\u00e9phane Bonnefond, dipl\u00f4m\u00e9 des M\u00e9tiers d&rsquo;Art option Eb\u00e9nisterie, laur\u00e9at du <b>concours<\/b> <b>G\u00e9n\u00e9ral des M\u00e9tiers d&rsquo;Art<\/b> et 1er prix r\u00e9gional <b>INMA<\/b> en 2004.<br \/><br \/>Apr\u00e8s plusieurs exp\u00e9riences aupr\u00e8s d&rsquo;\u00e9b\u00e9nistes, de restaurateurs et de fabricant de billard, j&rsquo;ai rejoint et partag\u00e9 le quotidien de <a href=\"https:\/\/lafabrique.biz\/\">La Fabrique<\/a> durant 10 tr\u00e8s belles ann\u00e9es.<br \/><br \/>Tour \u00e0 tour, \u00e9b\u00e9niste, charg\u00e9 d&rsquo;affaire, responsable technique puis gestionnaire de la Micro Fabrique, il m&rsquo;est apparu naturel, en 2019, de me lancer dans une nouvelle aventure &#8230; <br \/><br \/>L&rsquo;entreprise Horsdesclous est n\u00e9e.\u00a0<\/h4>\n<p><!-- \/wp:heading --><\/p>\n<\/div>\n<p><!-- \/wp:column --><\/p>\n<p><!-- wp:column {\"width\":33.33} --><\/p>\n<div class=\"wp-block-column\" style=\"flex-basis: 33.33%;\">\n<p><!-- wp:image {\"align\":\"right\",\"id\":434,\"width\":559,\"height\":559,\"sizeSlug\":\"large\"} --><\/p>\n<div class=\"wp-block-image\">\n<figure class=\"alignright size-large is-resized\"><img loading=\"lazy\" decoding=\"async\" class=\"wp-image-434\" src=\"http:\/\/www.horsdesclous.fr\/wp-content\/uploads\/2020\/04\/Hors-des-clous_65-1024x1024.jpg\" alt=\"\" width=\"559\" height=\"559\" srcset=\"https:\/\/www.horsdesclous.fr\/wp-content\/uploads\/2020\/04\/Hors-des-clous_65-1024x1024.jpg 1024w, https:\/\/www.horsdesclous.fr\/wp-content\/uploads\/2020\/04\/Hors-des-clous_65-300x300.jpg 300w, https:\/\/www.horsdesclous.fr\/wp-content\/uploads\/2020\/04\/Hors-des-clous_65-150x150.jpg 150w, https:\/\/www.horsdesclous.fr\/wp-content\/uploads\/2020\/04\/Hors-des-clous_65-768x768.jpg 768w, https:\/\/www.horsdesclous.fr\/wp-content\/uploads\/2020\/04\/Hors-des-clous_65-1536x1536.jpg 1536w, https:\/\/www.horsdesclous.fr\/wp-content\/uploads\/2020\/04\/Hors-des-clous_65-2048x2048.jpg 2048w, https:\/\/www.horsdesclous.fr\/wp-content\/uploads\/2020\/04\/Hors-des-clous_65-570x570.jpg 570w, https:\/\/www.horsdesclous.fr\/wp-content\/uploads\/2020\/04\/Hors-des-clous_65-500x500.jpg 500w, https:\/\/www.horsdesclous.fr\/wp-content\/uploads\/2020\/04\/Hors-des-clous_65-1000x1000.jpg 1000w, https:\/\/www.horsdesclous.fr\/wp-content\/uploads\/2020\/04\/Hors-des-clous_65-700x700.jpg 700w\" sizes=\"auto, (max-width: 559px) 100vw, 559px\" \/><\/figure>\n<\/div>\n<p><!-- \/wp:image --><\/p>\n<\/div>\n<p><!-- \/wp:column --><\/p>\n<\/div>\n<p><!-- \/wp:columns --><\/p>\t\t\t\t\t<\/div>\n\t\t\t\t\t\t<\/div>\n\t\t\t\t<\/div>\n\t\t\t\t\t\t<\/div>\n\t\t\t\t\t<\/div>\n\t\t<\/div>\n\t\t\t\t\t\t\t\t<\/div>\n\t\t\t\t\t<\/div>\n\t\t<\/section>\n\t\t\t\t\t\t\t\t\t<\/div>\n\t\t\t<\/div>\n\t\t\t\t\t<\/div>\n\t\t","protected":false},"excerpt":{"rendered":"<p>St\u00e9phane Bonnefond, dipl\u00f4m\u00e9 des M\u00e9tiers d&rsquo;Art option Eb\u00e9nisterie, laur\u00e9at du concours G\u00e9n\u00e9ral des M\u00e9tiers d&rsquo;Art et 1er prix r\u00e9gional INMA en 2004. Apr\u00e8s plusieurs exp\u00e9riences aupr\u00e8s d&rsquo;\u00e9b\u00e9nistes, de restaurateurs et de fabricant de billard, j&rsquo;ai rejoint et partag\u00e9 le quotidien de La Fabrique durant 10&#8230;<\/p>\n","protected":false},"author":1,"featured_media":0,"parent":0,"menu_order":0,"comment_status":"closed","ping_status":"closed","template":"","meta":{"ngg_post_thumbnail":0,"footnotes":""},"class_list":["post-370","page","type-page","status-publish","hentry"],"yoast_head":"<!-- This site is optimized with the Yoast SEO plugin v20.7 - https:\/\/yoast.com\/wordpress\/plugins\/seo\/ -->\n<title>St\u00e9phane Bonnefond - HORS DES CLOUS<\/title>\n<meta name=\"robots\" content=\"index, follow, max-snippet:-1, max-image-preview:large, max-video-preview:-1\" \/>\n<link rel=\"canonical\" href=\"https:\/\/www.horsdesclous.fr\/index.php\/stephane-bonnefond\/\" \/>\n<meta property=\"og:locale\" content=\"fr_FR\" \/>\n<meta property=\"og:type\" content=\"article\" \/>\n<meta property=\"og:title\" content=\"St\u00e9phane Bonnefond - HORS DES CLOUS\" \/>\n<meta property=\"og:description\" content=\"St\u00e9phane Bonnefond, dipl\u00f4m\u00e9 des M\u00e9tiers d&rsquo;Art option Eb\u00e9nisterie, laur\u00e9at du concours G\u00e9n\u00e9ral des M\u00e9tiers d&rsquo;Art et 1er prix r\u00e9gional INMA en 2004. Apr\u00e8s plusieurs exp\u00e9riences aupr\u00e8s d&rsquo;\u00e9b\u00e9nistes, de restaurateurs et de fabricant de billard, j&rsquo;ai rejoint et partag\u00e9 le quotidien de La Fabrique durant 10...\" \/>\n<meta property=\"og:url\" content=\"https:\/\/www.horsdesclous.fr\/index.php\/stephane-bonnefond\/\" \/>\n<meta property=\"og:site_name\" content=\"HORS DES CLOUS\" \/>\n<meta property=\"article:modified_time\" content=\"2023-11-15T10:04:00+00:00\" \/>\n<meta property=\"og:image\" content=\"http:\/\/www.horsdesclous.fr\/wp-content\/uploads\/2020\/04\/Hors-des-clous_65-1024x1024.jpg\" \/>\n<meta name=\"twitter:card\" content=\"summary_large_image\" \/>\n<meta name=\"twitter:label1\" content=\"Dur\u00e9e de lecture estim\u00e9e\" \/>\n\t<meta name=\"twitter:data1\" content=\"1 minute\" \/>\n<script type=\"application\/ld+json\" class=\"yoast-schema-graph\">{\"@context\":\"https:\/\/schema.org\",\"@graph\":[{\"@type\":\"WebPage\",\"@id\":\"https:\/\/www.horsdesclous.fr\/index.php\/stephane-bonnefond\/\",\"url\":\"https:\/\/www.horsdesclous.fr\/index.php\/stephane-bonnefond\/\",\"name\":\"St\u00e9phane Bonnefond - HORS DES CLOUS\",\"isPartOf\":{\"@id\":\"https:\/\/www.horsdesclous.fr\/#website\"},\"datePublished\":\"2020-04-29T07:41:32+00:00\",\"dateModified\":\"2023-11-15T10:04:00+00:00\",\"breadcrumb\":{\"@id\":\"https:\/\/www.horsdesclous.fr\/index.php\/stephane-bonnefond\/#breadcrumb\"},\"inLanguage\":\"fr-FR\",\"potentialAction\":[{\"@type\":\"ReadAction\",\"target\":[\"https:\/\/www.horsdesclous.fr\/index.php\/stephane-bonnefond\/\"]}]},{\"@type\":\"BreadcrumbList\",\"@id\":\"https:\/\/www.horsdesclous.fr\/index.php\/stephane-bonnefond\/#breadcrumb\",\"itemListElement\":[{\"@type\":\"ListItem\",\"position\":1,\"name\":\"Accueil\",\"item\":\"https:\/\/www.horsdesclous.fr\/\"},{\"@type\":\"ListItem\",\"position\":2,\"name\":\"St\u00e9phane Bonnefond\"}]},{\"@type\":\"WebSite\",\"@id\":\"https:\/\/www.horsdesclous.fr\/#website\",\"url\":\"https:\/\/www.horsdesclous.fr\/\",\"name\":\"HORS DES CLOUS\",\"description\":\"Artisan \u00e9b\u00e9niste\",\"potentialAction\":[{\"@type\":\"SearchAction\",\"target\":{\"@type\":\"EntryPoint\",\"urlTemplate\":\"https:\/\/www.horsdesclous.fr\/?s={search_term_string}\"},\"query-input\":\"required name=search_term_string\"}],\"inLanguage\":\"fr-FR\"}]}<\/script>\n<!-- \/ Yoast SEO plugin. -->","yoast_head_json":{"title":"St\u00e9phane Bonnefond - HORS DES CLOUS","robots":{"index":"index","follow":"follow","max-snippet":"max-snippet:-1","max-image-preview":"max-image-preview:large","max-video-preview":"max-video-preview:-1"},"canonical":"https:\/\/www.horsdesclous.fr\/index.php\/stephane-bonnefond\/","og_locale":"fr_FR","og_type":"article","og_title":"St\u00e9phane Bonnefond - HORS DES CLOUS","og_description":"St\u00e9phane Bonnefond, dipl\u00f4m\u00e9 des M\u00e9tiers d&rsquo;Art option Eb\u00e9nisterie, laur\u00e9at du concours G\u00e9n\u00e9ral des M\u00e9tiers d&rsquo;Art et 1er prix r\u00e9gional INMA en 2004. Apr\u00e8s plusieurs exp\u00e9riences aupr\u00e8s d&rsquo;\u00e9b\u00e9nistes, de restaurateurs et de fabricant de billard, j&rsquo;ai rejoint et partag\u00e9 le quotidien de La Fabrique durant 10...","og_url":"https:\/\/www.horsdesclous.fr\/index.php\/stephane-bonnefond\/","og_site_name":"HORS DES CLOUS","article_modified_time":"2023-11-15T10:04:00+00:00","og_image":[{"url":"http:\/\/www.horsdesclous.fr\/wp-content\/uploads\/2020\/04\/Hors-des-clous_65-1024x1024.jpg"}],"twitter_card":"summary_large_image","twitter_misc":{"Dur\u00e9e de lecture estim\u00e9e":"1 minute"},"schema":{"@context":"https:\/\/schema.org","@graph":[{"@type":"WebPage","@id":"https:\/\/www.horsdesclous.fr\/index.php\/stephane-bonnefond\/","url":"https:\/\/www.horsdesclous.fr\/index.php\/stephane-bonnefond\/","name":"St\u00e9phane Bonnefond - HORS DES CLOUS","isPartOf":{"@id":"https:\/\/www.horsdesclous.fr\/#website"},"datePublished":"2020-04-29T07:41:32+00:00","dateModified":"2023-11-15T10:04:00+00:00","breadcrumb":{"@id":"https:\/\/www.horsdesclous.fr\/index.php\/stephane-bonnefond\/#breadcrumb"},"inLanguage":"fr-FR","potentialAction":[{"@type":"ReadAction","target":["https:\/\/www.horsdesclous.fr\/index.php\/stephane-bonnefond\/"]}]},{"@type":"BreadcrumbList","@id":"https:\/\/www.horsdesclous.fr\/index.php\/stephane-bonnefond\/#breadcrumb","itemListElement":[{"@type":"ListItem","position":1,"name":"Accueil","item":"https:\/\/www.horsdesclous.fr\/"},{"@type":"ListItem","position":2,"name":"St\u00e9phane Bonnefond"}]},{"@type":"WebSite","@id":"https:\/\/www.horsdesclous.fr\/#website","url":"https:\/\/www.horsdesclous.fr\/","name":"HORS DES CLOUS","description":"Artisan \u00e9b\u00e9niste","potentialAction":[{"@type":"SearchAction","target":{"@type":"EntryPoint","urlTemplate":"https:\/\/www.horsdesclous.fr\/?s={search_term_string}"},"query-input":"required name=search_term_string"}],"inLanguage":"fr-FR"}]}},"_links":{"self":[{"href":"https:\/\/www.horsdesclous.fr\/index.php\/wp-json\/wp\/v2\/pages\/370","targetHints":{"allow":["GET"]}}],"collection":[{"href":"https:\/\/www.horsdesclous.fr\/index.php\/wp-json\/wp\/v2\/pages"}],"about":[{"href":"https:\/\/www.horsdesclous.fr\/index.php\/wp-json\/wp\/v2\/types\/page"}],"author":[{"embeddable":true,"href":"https:\/\/www.horsdesclous.fr\/index.php\/wp-json\/wp\/v2\/users\/1"}],"replies":[{"embeddable":true,"href":"https:\/\/www.horsdesclous.fr\/index.php\/wp-json\/wp\/v2\/comments?post=370"}],"version-history":[{"count":24,"href":"https:\/\/www.horsdesclous.fr\/index.php\/wp-json\/wp\/v2\/pages\/370\/revisions"}],"predecessor-version":[{"id":682,"href":"https:\/\/www.horsdesclous.fr\/index.php\/wp-json\/wp\/v2\/pages\/370\/revisions\/682"}],"wp:attachment":[{"href":"https:\/\/www.horsdesclous.fr\/index.php\/wp-json\/wp\/v2\/media?parent=370"}],"curies":[{"name":"wp","href":"https:\/\/api.w.org\/{rel}","templated":true}]}}