{"id":286,"date":"2020-04-17T15:23:29","date_gmt":"2020-04-17T13:23:29","guid":{"rendered":"http:\/\/www.horsdesclous.fr\/?page_id=286"},"modified":"2020-05-10T17:15:45","modified_gmt":"2020-05-10T15:15:45","slug":"dressings","status":"publish","type":"page","link":"https:\/\/www.horsdesclous.fr\/index.php\/dressings\/","title":{"rendered":"Dressing"},"content":{"rendered":"\t\t<div data-elementor-type=\"wp-page\" data-elementor-id=\"286\" class=\"elementor elementor-286\">\n\t\t\t\t\t\t<div class=\"elementor-inner\">\n\t\t\t\t<div class=\"elementor-section-wrap\">\n\t\t\t\t\t\t\t\t\t<section class=\"elementor-section elementor-top-section elementor-element elementor-element-1924d369 elementor-section-boxed elementor-section-height-default elementor-section-height-default\" data-id=\"1924d369\" data-element_type=\"section\">\n\t\t\t\t\t\t<div class=\"elementor-container elementor-column-gap-default\">\n\t\t\t\t\t\t\t<div class=\"elementor-row\">\n\t\t\t\t\t<div class=\"elementor-column elementor-col-100 elementor-top-column elementor-element elementor-element-6d7995c9\" data-id=\"6d7995c9\" data-element_type=\"column\">\n\t\t\t<div class=\"elementor-column-wrap elementor-element-populated\">\n\t\t\t\t\t\t\t<div class=\"elementor-widget-wrap\">\n\t\t\t\t\t\t<div class=\"elementor-element elementor-element-11520d1e elementor-widget elementor-widget-text-editor\" data-id=\"11520d1e\" data-element_type=\"widget\" data-widget_type=\"text-editor.default\">\n\t\t\t\t<div class=\"elementor-widget-container\">\n\t\t\t\t\t\t\t\t<div class=\"elementor-text-editor elementor-clearfix\">\n\t\t\t\t<!-- wp:columns -->\n<div class=\"wp-block-columns\"><!-- wp:column {\"width\":33.33} -->\n<div class=\"wp-block-column\" style=\"flex-basis: 33.33%;\"><!-- wp:paragraph -->\n<p><br \/><br \/><br \/><br \/><br \/><\/p>\n<!-- \/wp:paragraph --><!-- wp:heading {\"level\":4} -->\n<h4>Agencement sur mesure d&rsquo;un espace de rangement pour une chambre parentale.<\/h4>\n<!-- \/wp:heading --><!-- wp:heading {\"level\":4} -->\n<h4>\u00a0<\/h4>\n<h4>Les incrustations en noyer suffisent \u00e0 sublimer le placard et la commode laqu\u00e9e blanc mat.<\/h4>\n<h4>\u00a0<\/h4>\n<hr \/>\n<h4><br \/>Plateau en placage de noyer. Syst\u00e8me des ouvertures en touche-l\u00e2che<\/h4>\n<!-- \/wp:heading --><!-- wp:paragraph -->\n<p>\u00a0<\/p>\n<!-- \/wp:paragraph --><\/div>\n<!-- \/wp:column --><!-- wp:column {\"width\":66.66} -->\n<div class=\"wp-block-column\" style=\"flex-basis: 66.66%;\"><!-- wp:imagely\/nextgen-gallery --> \n\n<div class=\"ngg-galleryoverview ngg-slideshow\"\n\t id=\"ngg-slideshow-6c4c4cb4ecf087ba42d69d597c23e260-15219985100\"\n     data-gallery-id=\"6c4c4cb4ecf087ba42d69d597c23e260\"\n     style=\"max-width: 750px; max-height: 500px;\">\n\n \t<div id=\"ngg-image-0\" class=\"ngg-gallery-slideshow-image\" style=\"height:500px\">\n\n        <a href=\"https:\/\/www.horsdesclous.fr\/wp-content\/gallery\/dressings-1\/Hors-des-clous_07.jpg\"\n           title=\"\"\n           data-src=\"https:\/\/www.horsdesclous.fr\/wp-content\/gallery\/dressings-1\/Hors-des-clous_07.jpg\"\n           data-thumbnail=\"https:\/\/www.horsdesclous.fr\/wp-content\/gallery\/dressings-1\/thumbs\/thumbs_Hors-des-clous_07.jpg\"\n           data-image-id=\"44\"\n           data-title=\"Hors-des-clous_07\"\n           data-description=\"\"\n           class=\"ngg-simplelightbox\" rel=\"6c4c4cb4ecf087ba42d69d597c23e260\">\n\n            <img decoding=\"async\" data-image-id='44'\n                 title=\"\"\n                 alt=\"Hors-des-clous_07\"\n                 src=\"https:\/\/www.horsdesclous.fr\/wp-content\/gallery\/dressings-1\/Hors-des-clous_07.jpg\"\n                 style=\"max-height: 480px;\"\/>\n        <\/a>\n\n        <\/div> \n<div id=\"ngg-image-1\" class=\"ngg-gallery-slideshow-image\" style=\"height:500px\">\n\n        <a href=\"https:\/\/www.horsdesclous.fr\/wp-content\/gallery\/dressings-1\/Hors-des-clous_09.jpg\"\n           title=\"\"\n           data-src=\"https:\/\/www.horsdesclous.fr\/wp-content\/gallery\/dressings-1\/Hors-des-clous_09.jpg\"\n           data-thumbnail=\"https:\/\/www.horsdesclous.fr\/wp-content\/gallery\/dressings-1\/thumbs\/thumbs_Hors-des-clous_09.jpg\"\n           data-image-id=\"45\"\n           data-title=\"Hors-des-clous_09\"\n           data-description=\"\"\n           class=\"ngg-simplelightbox\" rel=\"6c4c4cb4ecf087ba42d69d597c23e260\">\n\n            <img decoding=\"async\" data-image-id='45'\n                 title=\"\"\n                 alt=\"Hors-des-clous_09\"\n                 src=\"https:\/\/www.horsdesclous.fr\/wp-content\/gallery\/dressings-1\/Hors-des-clous_09.jpg\"\n                 style=\"max-height: 480px;\"\/>\n        <\/a>\n\n        <\/div> \n<div id=\"ngg-image-2\" class=\"ngg-gallery-slideshow-image\" style=\"height:500px\">\n\n        <a href=\"https:\/\/www.horsdesclous.fr\/wp-content\/gallery\/dressings-1\/Hors-des-clous_08.jpg\"\n           title=\"\"\n           data-src=\"https:\/\/www.horsdesclous.fr\/wp-content\/gallery\/dressings-1\/Hors-des-clous_08.jpg\"\n           data-thumbnail=\"https:\/\/www.horsdesclous.fr\/wp-content\/gallery\/dressings-1\/thumbs\/thumbs_Hors-des-clous_08.jpg\"\n           data-image-id=\"46\"\n           data-title=\"Hors-des-clous_08\"\n           data-description=\"\"\n           class=\"ngg-simplelightbox\" rel=\"6c4c4cb4ecf087ba42d69d597c23e260\">\n\n            <img decoding=\"async\" data-image-id='46'\n                 title=\"\"\n                 alt=\"Hors-des-clous_08\"\n                 src=\"https:\/\/www.horsdesclous.fr\/wp-content\/gallery\/dressings-1\/Hors-des-clous_08.jpg\"\n                 style=\"max-height: 480px;\"\/>\n        <\/a>\n\n        <\/div> \n<\/div>\n\n\n\n <!-- \/wp:imagely\/nextgen-gallery --><\/div>\n<!-- \/wp:column --><\/div>\n<!-- \/wp:columns --><!-- wp:columns -->\n<div class=\"wp-block-columns\"><!-- wp:column {\"width\":66.66} -->\n<div class=\"wp-block-column\" style=\"flex-basis: 66.66%;\"><!-- wp:imagely\/nextgen-gallery --> \n\n<div class=\"ngg-galleryoverview ngg-slideshow\"\n\t id=\"ngg-slideshow-2945e4eddb818d4a90beb82720f7653a-17059082260\"\n     data-gallery-id=\"2945e4eddb818d4a90beb82720f7653a\"\n     style=\"max-width: 750px; max-height: 500px;\">\n\n \t<div id=\"ngg-image-0\" class=\"ngg-gallery-slideshow-image\" style=\"height:500px\">\n\n        <a href=\"https:\/\/www.horsdesclous.fr\/wp-content\/gallery\/dressings-2\/Hors-des-clous_12.jpg\"\n           title=\"\"\n           data-src=\"https:\/\/www.horsdesclous.fr\/wp-content\/gallery\/dressings-2\/Hors-des-clous_12.jpg\"\n           data-thumbnail=\"https:\/\/www.horsdesclous.fr\/wp-content\/gallery\/dressings-2\/thumbs\/thumbs_Hors-des-clous_12.jpg\"\n           data-image-id=\"47\"\n           data-title=\"Hors-des-clous_12\"\n           data-description=\"\"\n           class=\"ngg-simplelightbox\" rel=\"2945e4eddb818d4a90beb82720f7653a\">\n\n            <img decoding=\"async\" data-image-id='47'\n                 title=\"\"\n                 alt=\"Hors-des-clous_12\"\n                 src=\"https:\/\/www.horsdesclous.fr\/wp-content\/gallery\/dressings-2\/Hors-des-clous_12.jpg\"\n                 style=\"max-height: 480px;\"\/>\n        <\/a>\n\n        <\/div> \n<div id=\"ngg-image-1\" class=\"ngg-gallery-slideshow-image\" style=\"height:500px\">\n\n        <a href=\"https:\/\/www.horsdesclous.fr\/wp-content\/gallery\/dressings-2\/Hors-des-clous_11.jpg\"\n           title=\"\"\n           data-src=\"https:\/\/www.horsdesclous.fr\/wp-content\/gallery\/dressings-2\/Hors-des-clous_11.jpg\"\n           data-thumbnail=\"https:\/\/www.horsdesclous.fr\/wp-content\/gallery\/dressings-2\/thumbs\/thumbs_Hors-des-clous_11.jpg\"\n           data-image-id=\"48\"\n           data-title=\"Hors-des-clous_11\"\n           data-description=\"\"\n           class=\"ngg-simplelightbox\" rel=\"2945e4eddb818d4a90beb82720f7653a\">\n\n            <img decoding=\"async\" data-image-id='48'\n                 title=\"\"\n                 alt=\"Hors-des-clous_11\"\n                 src=\"https:\/\/www.horsdesclous.fr\/wp-content\/gallery\/dressings-2\/Hors-des-clous_11.jpg\"\n                 style=\"max-height: 480px;\"\/>\n        <\/a>\n\n        <\/div> \n<\/div>\n\n\n\n <!-- \/wp:imagely\/nextgen-gallery --><\/div>\n<!-- \/wp:column --><!-- wp:column {\"width\":33.33} -->\n<div class=\"wp-block-column\" style=\"flex-basis: 33.33%;\"><!-- wp:paragraph -->\n<p><br \/><br \/><\/p>\n<!-- \/wp:paragraph --><!-- wp:heading {\"level\":4} -->\n<h4>\u00a0<\/h4>\n<h4>Chaque m\u00e8tre carr\u00e9 est pr\u00e9cieux!<\/h4>\n<p>\u00a0<\/p>\n<!-- \/wp:heading --><!-- wp:heading {\"level\":4} -->\n<h4>L&rsquo;agencement complet de ce dressing en U, optimis\u00e9 pour une petite surface de 4 m\u00b2, aura n\u00e9cessit\u00e9 un peu de r\u00e9flexion et beaucoup de concertation avec ses futurs propri\u00e9taires.<\/h4>\n<!-- \/wp:heading --><!-- wp:heading {\"level\":4} -->\n<h4>\u00a0<\/h4>\n<h4>R\u00e9sultats: 2 penderies, 12 tiroirs et 28 casiers de rangements.<\/h4>\n<!-- \/wp:heading --><!-- wp:heading {\"level\":4} -->\n<h4>\u00a0<\/h4>\n<hr \/>\n<h4>\u00a0<\/h4>\n<h4>Ensemble en \u00e9pic\u00e9a, finition \u00ab\u00a0huile cire\u00a0\u00bb gris fum\u00e9. Poign\u00e9es en m\u00e9tal martel\u00e9 et incrustation de bandeaux led<\/h4>\n<!-- \/wp:heading --><!-- wp:paragraph -->\n<p>\u00a0<\/p>\n<!-- \/wp:paragraph --><\/div>\n<!-- \/wp:column --><\/div>\n<!-- \/wp:columns -->\t\t\t\t\t<\/div>\n\t\t\t\t\t\t<\/div>\n\t\t\t\t<\/div>\n\t\t\t\t\t\t<\/div>\n\t\t\t\t\t<\/div>\n\t\t<\/div>\n\t\t\t\t\t\t\t\t<\/div>\n\t\t\t\t\t<\/div>\n\t\t<\/section>\n\t\t\t\t\t\t\t\t\t<\/div>\n\t\t\t<\/div>\n\t\t\t\t\t<\/div>\n\t\t","protected":false},"excerpt":{"rendered":"<p>Agencement sur mesure d&rsquo;un espace de rangement pour une chambre parentale. \u00a0 Les incrustations en noyer suffisent \u00e0 sublimer le placard et la commode laqu\u00e9e blanc mat. \u00a0 Plateau en placage de noyer. Syst\u00e8me des ouvertures en touche-l\u00e2che &nbsp; \u00a0 Chaque m\u00e8tre carr\u00e9 est pr\u00e9cieux!&#8230;<\/p>\n","protected":false},"author":1,"featured_media":0,"parent":0,"menu_order":0,"comment_status":"closed","ping_status":"closed","template":"","meta":{"ngg_post_thumbnail":0,"footnotes":""},"class_list":["post-286","page","type-page","status-publish","hentry"],"yoast_head":"<!-- This site is optimized with the Yoast SEO plugin v20.7 - https:\/\/yoast.com\/wordpress\/plugins\/seo\/ -->\n<title>Dressing - HORS DES CLOUS<\/title>\n<meta name=\"robots\" content=\"index, follow, max-snippet:-1, max-image-preview:large, max-video-preview:-1\" \/>\n<link rel=\"canonical\" href=\"https:\/\/www.horsdesclous.fr\/index.php\/dressings\/\" \/>\n<meta property=\"og:locale\" content=\"fr_FR\" \/>\n<meta property=\"og:type\" content=\"article\" \/>\n<meta property=\"og:title\" content=\"Dressing - HORS DES CLOUS\" \/>\n<meta property=\"og:description\" content=\"Agencement sur mesure d&rsquo;un espace de rangement pour une chambre parentale. \u00a0 Les incrustations en noyer suffisent \u00e0 sublimer le placard et la commode laqu\u00e9e blanc mat. \u00a0 Plateau en placage de noyer. Syst\u00e8me des ouvertures en touche-l\u00e2che &nbsp; \u00a0 Chaque m\u00e8tre carr\u00e9 est pr\u00e9cieux!...\" \/>\n<meta property=\"og:url\" content=\"https:\/\/www.horsdesclous.fr\/index.php\/dressings\/\" \/>\n<meta property=\"og:site_name\" content=\"HORS DES CLOUS\" \/>\n<meta property=\"article:modified_time\" content=\"2020-05-10T15:15:45+00:00\" \/>\n<meta name=\"twitter:card\" content=\"summary_large_image\" \/>\n<meta name=\"twitter:label1\" content=\"Dur\u00e9e de lecture estim\u00e9e\" \/>\n\t<meta name=\"twitter:data1\" content=\"1 minute\" \/>\n<script type=\"application\/ld+json\" class=\"yoast-schema-graph\">{\"@context\":\"https:\/\/schema.org\",\"@graph\":[{\"@type\":\"WebPage\",\"@id\":\"https:\/\/www.horsdesclous.fr\/index.php\/dressings\/\",\"url\":\"https:\/\/www.horsdesclous.fr\/index.php\/dressings\/\",\"name\":\"Dressing - HORS DES CLOUS\",\"isPartOf\":{\"@id\":\"https:\/\/www.horsdesclous.fr\/#website\"},\"datePublished\":\"2020-04-17T13:23:29+00:00\",\"dateModified\":\"2020-05-10T15:15:45+00:00\",\"breadcrumb\":{\"@id\":\"https:\/\/www.horsdesclous.fr\/index.php\/dressings\/#breadcrumb\"},\"inLanguage\":\"fr-FR\",\"potentialAction\":[{\"@type\":\"ReadAction\",\"target\":[\"https:\/\/www.horsdesclous.fr\/index.php\/dressings\/\"]}]},{\"@type\":\"BreadcrumbList\",\"@id\":\"https:\/\/www.horsdesclous.fr\/index.php\/dressings\/#breadcrumb\",\"itemListElement\":[{\"@type\":\"ListItem\",\"position\":1,\"name\":\"Accueil\",\"item\":\"https:\/\/www.horsdesclous.fr\/\"},{\"@type\":\"ListItem\",\"position\":2,\"name\":\"Dressing\"}]},{\"@type\":\"WebSite\",\"@id\":\"https:\/\/www.horsdesclous.fr\/#website\",\"url\":\"https:\/\/www.horsdesclous.fr\/\",\"name\":\"HORS DES CLOUS\",\"description\":\"Artisan \u00e9b\u00e9niste\",\"potentialAction\":[{\"@type\":\"SearchAction\",\"target\":{\"@type\":\"EntryPoint\",\"urlTemplate\":\"https:\/\/www.horsdesclous.fr\/?s={search_term_string}\"},\"query-input\":\"required name=search_term_string\"}],\"inLanguage\":\"fr-FR\"}]}<\/script>\n<!-- \/ Yoast SEO plugin. -->","yoast_head_json":{"title":"Dressing - HORS DES CLOUS","robots":{"index":"index","follow":"follow","max-snippet":"max-snippet:-1","max-image-preview":"max-image-preview:large","max-video-preview":"max-video-preview:-1"},"canonical":"https:\/\/www.horsdesclous.fr\/index.php\/dressings\/","og_locale":"fr_FR","og_type":"article","og_title":"Dressing - HORS DES CLOUS","og_description":"Agencement sur mesure d&rsquo;un espace de rangement pour une chambre parentale. \u00a0 Les incrustations en noyer suffisent \u00e0 sublimer le placard et la commode laqu\u00e9e blanc mat. \u00a0 Plateau en placage de noyer. Syst\u00e8me des ouvertures en touche-l\u00e2che &nbsp; \u00a0 Chaque m\u00e8tre carr\u00e9 est pr\u00e9cieux!...","og_url":"https:\/\/www.horsdesclous.fr\/index.php\/dressings\/","og_site_name":"HORS DES CLOUS","article_modified_time":"2020-05-10T15:15:45+00:00","twitter_card":"summary_large_image","twitter_misc":{"Dur\u00e9e de lecture estim\u00e9e":"1 minute"},"schema":{"@context":"https:\/\/schema.org","@graph":[{"@type":"WebPage","@id":"https:\/\/www.horsdesclous.fr\/index.php\/dressings\/","url":"https:\/\/www.horsdesclous.fr\/index.php\/dressings\/","name":"Dressing - HORS DES CLOUS","isPartOf":{"@id":"https:\/\/www.horsdesclous.fr\/#website"},"datePublished":"2020-04-17T13:23:29+00:00","dateModified":"2020-05-10T15:15:45+00:00","breadcrumb":{"@id":"https:\/\/www.horsdesclous.fr\/index.php\/dressings\/#breadcrumb"},"inLanguage":"fr-FR","potentialAction":[{"@type":"ReadAction","target":["https:\/\/www.horsdesclous.fr\/index.php\/dressings\/"]}]},{"@type":"BreadcrumbList","@id":"https:\/\/www.horsdesclous.fr\/index.php\/dressings\/#breadcrumb","itemListElement":[{"@type":"ListItem","position":1,"name":"Accueil","item":"https:\/\/www.horsdesclous.fr\/"},{"@type":"ListItem","position":2,"name":"Dressing"}]},{"@type":"WebSite","@id":"https:\/\/www.horsdesclous.fr\/#website","url":"https:\/\/www.horsdesclous.fr\/","name":"HORS DES CLOUS","description":"Artisan \u00e9b\u00e9niste","potentialAction":[{"@type":"SearchAction","target":{"@type":"EntryPoint","urlTemplate":"https:\/\/www.horsdesclous.fr\/?s={search_term_string}"},"query-input":"required name=search_term_string"}],"inLanguage":"fr-FR"}]}},"_links":{"self":[{"href":"https:\/\/www.horsdesclous.fr\/index.php\/wp-json\/wp\/v2\/pages\/286","targetHints":{"allow":["GET"]}}],"collection":[{"href":"https:\/\/www.horsdesclous.fr\/index.php\/wp-json\/wp\/v2\/pages"}],"about":[{"href":"https:\/\/www.horsdesclous.fr\/index.php\/wp-json\/wp\/v2\/types\/page"}],"author":[{"embeddable":true,"href":"https:\/\/www.horsdesclous.fr\/index.php\/wp-json\/wp\/v2\/users\/1"}],"replies":[{"embeddable":true,"href":"https:\/\/www.horsdesclous.fr\/index.php\/wp-json\/wp\/v2\/comments?post=286"}],"version-history":[{"count":9,"href":"https:\/\/www.horsdesclous.fr\/index.php\/wp-json\/wp\/v2\/pages\/286\/revisions"}],"predecessor-version":[{"id":479,"href":"https:\/\/www.horsdesclous.fr\/index.php\/wp-json\/wp\/v2\/pages\/286\/revisions\/479"}],"wp:attachment":[{"href":"https:\/\/www.horsdesclous.fr\/index.php\/wp-json\/wp\/v2\/media?parent=286"}],"curies":[{"name":"wp","href":"https:\/\/api.w.org\/{rel}","templated":true}]}}